{"id":2397,"date":"2023-07-13T14:10:04","date_gmt":"2023-07-13T14:10:04","guid":{"rendered":"https:\/\/indbertrix.be\/wordp3\/?page_id=2397"},"modified":"2023-07-13T14:22:12","modified_gmt":"2023-07-13T14:22:12","slug":"rent-a-book-2","status":"publish","type":"page","link":"https:\/\/indbertrix.be\/wordp3\/rent-a-book-2\/","title":{"rendered":"Rent a book"},"content":{"rendered":"<p>[et_pb_section fb_built=\u00a0\u00bb1&Prime; _builder_version=\u00a0\u00bb4.17.4&Prime; _module_preset=\u00a0\u00bbdefault\u00a0\u00bb custom_padding=\u00a0\u00bb3px|||||\u00a0\u00bb global_colors_info=\u00a0\u00bb{}\u00a0\u00bb][et_pb_row column_structure=\u00a0\u00bb1_2,1_2&Prime; _builder_version=\u00a0\u00bb4.16&Prime; _module_preset=\u00a0\u00bbdefault\u00a0\u00bb custom_padding=\u00a0\u00bb39px|0px|8px|||\u00a0\u00bb global_colors_info=\u00a0\u00bb{}\u00a0\u00bb][et_pb_column type=\u00a0\u00bb1_2&Prime; _builder_version=\u00a0\u00bb4.16&Prime; _module_preset=\u00a0\u00bbdefault\u00a0\u00bb global_colors_info=\u00a0\u00bb{}\u00a0\u00bb][et_pb_image src=\u00a0\u00bbhttps:\/\/indbertrix.be\/wordp3\/wp-content\/uploads\/2023\/07\/Logo-retn-a-book.png\u00a0\u00bb url=\u00a0\u00bbhttps:\/\/www.rentabook.be\/ecoles\u00a0\u00bb url_new_window=\u00a0\u00bbon\u00a0\u00bb _builder_version=\u00a0\u00bb4.19.4&Prime; _module_preset=\u00a0\u00bbdefault\u00a0\u00bb locked=\u00a0\u00bboff\u00a0\u00bb global_colors_info=\u00a0\u00bb{}\u00a0\u00bb][\/et_pb_image][\/et_pb_column][et_pb_column type=\u00a0\u00bb1_2&Prime; _builder_version=\u00a0\u00bb4.16&Prime; _module_preset=\u00a0\u00bbdefault\u00a0\u00bb global_colors_info=\u00a0\u00bb{}\u00a0\u00bb][\/et_pb_column][\/et_pb_row][et_pb_row _builder_version=\u00a0\u00bb4.17.4&Prime; _module_preset=\u00a0\u00bbdefault\u00a0\u00bb custom_padding=\u00a0\u00bb41px|||||\u00a0\u00bb animation_style=\u00a0\u00bbfade\u00a0\u00bb global_colors_info=\u00a0\u00bb{}\u00a0\u00bb][et_pb_column type=\u00a0\u00bb4_4&Prime; _builder_version=\u00a0\u00bb4.16&Prime; _module_preset=\u00a0\u00bbdefault\u00a0\u00bb global_colors_info=\u00a0\u00bb{}\u00a0\u00bb][et_pb_text _builder_version=\u00a0\u00bb4.19.4&Prime; _module_preset=\u00a0\u00bbdefault\u00a0\u00bb text_font=\u00a0\u00bbSource Sans Pro|700|||||||\u00a0\u00bb text_text_color=\u00a0\u00bb#4e97c3&Prime; text_font_size=\u00a0\u00bb35px\u00a0\u00bb header_font=\u00a0\u00bbSource Sans Pro|600|||||||\u00a0\u00bb header_text_color=\u00a0\u00bb#e2431f\u00a0\u00bb header_font_size=\u00a0\u00bb25px\u00a0\u00bb header_6_font=\u00a0\u00bbSource Sans Pro||||||||\u00a0\u00bb header_6_text_align=\u00a0\u00bbleft\u00a0\u00bb header_6_text_color=\u00a0\u00bbgcid-1f2e372e-5f35-40d2-b91f-22374d544621&Prime; header_6_font_size=\u00a0\u00bb18px\u00a0\u00bb header_6_line_height=\u00a0\u00bb1.5em\u00a0\u00bb background_enable_image=\u00a0\u00bboff\u00a0\u00bb background_blend=\u00a0\u00bblighten\u00a0\u00bb custom_margin=\u00a0\u00bb||-59px|||\u00a0\u00bb custom_padding=\u00a0\u00bb0px||46px|||\u00a0\u00bb global_colors_info=\u00a0\u00bb{%22gcid-1f2e372e-5f35-40d2-b91f-22374d544621%22:%91%22header_6_text_color%22,%22header_6_text_color%22%93}\u00a0\u00bb]<\/p>\n<p>Commander les manuels scolaires<\/p>\n<p>[\/et_pb_text][\/et_pb_column][\/et_pb_row][et_pb_row _builder_version=\u00a0\u00bb4.17.4&Prime; _module_preset=\u00a0\u00bbdefault\u00a0\u00bb custom_margin=\u00a0\u00bb22px|auto||auto||\u00a0\u00bb custom_padding=\u00a0\u00bb6px|||||\u00a0\u00bb global_colors_info=\u00a0\u00bb{}\u00a0\u00bb][et_pb_column type=\u00a0\u00bb4_4&Prime; _builder_version=\u00a0\u00bb4.16&Prime; _module_preset=\u00a0\u00bbdefault\u00a0\u00bb global_colors_info=\u00a0\u00bb{}\u00a0\u00bb][et_pb_text _builder_version=\u00a0\u00bb4.19.4&Prime; _module_preset=\u00a0\u00bbdefault\u00a0\u00bb header_2_text_color=\u00a0\u00bb#e8431f\u00a0\u00bb custom_padding=\u00a0\u00bb|0px||||\u00a0\u00bb hover_enabled=\u00a0\u00bb0&Prime; global_colors_info=\u00a0\u00bb{}\u00a0\u00bb sticky_enabled=\u00a0\u00bb0&Prime;]<\/p>\n<p style=\"text-align: justify;\"><span style=\"font-size: 14px;\"><strong>Ouverture des commandes le 1\/08 et fin le 10\/08 pour les livraisons via l&rsquo;\u00e9cole.<\/strong> Il est toujours possible de commander des livres apr\u00e8s le 10\/08 mais uniquement avec une livraison via BPost.<\/span><\/p>\n<p style=\"text-align: justify;\"><span style=\"font-size: 14px;\">Pour savoir comment commander ses livres, il suffit de\u00a0<a id=\"intradesknmdlSn3lmNDSP4yx7nMEnFav5\" href=\"https:\/\/indbertrix.be\/wordp3\/wp-content\/uploads\/2023\/07\/Commander-ses-livres-sur-Rentabook.pdf\" target=\"_blank\" title=\"Commander ses livres sur Rentabook.pdf \" rel=\"noopener\">cliquer sur le lien suivant<\/a> ou de se rendre imm\u00e9diatement sur <a href=\"https:\/\/www.rentabook.be\/fr\/ecoles\" target=\"_blank\" rel=\"noopener\">www.rentabook.be<\/a> et de taper \u00ab\u00a0Bertrix\u00a0\u00bb dans la case \u00ab\u00a0localisation\u00a0\u00bb pour trouver notre \u00e9cole et ensuite tous les livres n\u00e9cessaires (\u00e0 acheter ou \u00e0 louer).<\/span><\/p>\n<p style=\"text-align: justify;\"><span style=\"font-size: 14px;\">L\u00e0 o\u00f9 vous ne trouvez pas de livre, c&rsquo;est parce qu&rsquo;il n&rsquo;y en a pas dans ce cours.<\/span><\/p>\n<p style=\"text-align: justify;\"><span style=\"font-size: 14px;\">Vous trouverez sur le site r\u00e9ponse \u00e0 toutes vos questions, en format vid\u00e9o si vous le souhaitez.\u00a0<\/span><\/p>\n<p>[\/et_pb_text][et_pb_image src=\u00a0\u00bbhttps:\/\/indbertrix.be\/wordp3\/wp-content\/uploads\/2023\/07\/RENT-A-BOOK.png\u00a0\u00bb _builder_version=\u00a0\u00bb4.19.4&Prime; _module_preset=\u00a0\u00bbdefault\u00a0\u00bb global_colors_info=\u00a0\u00bb{}\u00a0\u00bb][\/et_pb_image][et_pb_text _builder_version=\u00a0\u00bb4.19.4&Prime; _module_preset=\u00a0\u00bbdefault\u00a0\u00bb header_2_text_color=\u00a0\u00bb#e8431f\u00a0\u00bb custom_padding=\u00a0\u00bb|0px|7px|||\u00a0\u00bb global_colors_info=\u00a0\u00bb{}\u00a0\u00bb]<\/p>\n<p style=\"text-align: justify;\"><span style=\"font-size: 14px;\">Il n&rsquo;est pas obligatoire de commander les livres dont vous aurez besoin via Rent a book, vous pouvez les commander ailleurs (mais plus \u00e0 l&rsquo;\u00e9cole).\u00a0 Mais Rent a book offre un service de qualit\u00e9 au m\u00eame prix qu&rsquo;ailleurs et nous vous les recommandons.<\/span><span style=\"font-size: 14px;\"><\/span><\/p>\n<p>[\/et_pb_text][\/et_pb_column][\/et_pb_row][\/et_pb_section]<\/p>\n","protected":false},"excerpt":{"rendered":"<p>Commander les manuels scolairesOuverture des commandes le 1\/08 et fin le 10\/08 pour les livraisons via l&rsquo;\u00e9cole. Il est toujours possible de commander des livres apr\u00e8s le 10\/08 mais uniquement avec une livraison via BPost. Pour savoir comment commander ses livres, il suffit de\u00a0cliquer sur le lien suivant ou de se rendre imm\u00e9diatement sur www.rentabook.be [&hellip;]<\/p>\n","protected":false},"author":9,"featured_media":0,"parent":0,"menu_order":0,"comment_status":"closed","ping_status":"closed","template":"","meta":{"_et_pb_use_builder":"on","_et_pb_old_content":"","_et_gb_content_width":"","footnotes":""},"class_list":["post-2397","page","type-page","status-publish","hentry"],"yoast_head":"<!-- This site is optimized with the Yoast SEO plugin v27.3 - https:\/\/yoast.com\/product\/yoast-seo-wordpress\/ -->\n<title>Rent a book - Institut Notre-Dame Bertrix<\/title>\n<meta name=\"robots\" content=\"index, follow, max-snippet:-1, max-image-preview:large, max-video-preview:-1\" \/>\n<link rel=\"canonical\" href=\"https:\/\/indbertrix.be\/wordp3\/rent-a-book-2\/\" \/>\n<meta property=\"og:locale\" content=\"fr_FR\" \/>\n<meta property=\"og:type\" content=\"article\" \/>\n<meta property=\"og:title\" content=\"Rent a book - Institut Notre-Dame Bertrix\" \/>\n<meta property=\"og:description\" content=\"Commander les manuels scolairesOuverture des commandes le 1\/08 et fin le 10\/08 pour les livraisons via l&#039;\u00e9cole. Il est toujours possible de commander des livres apr\u00e8s le 10\/08 mais uniquement avec une livraison via BPost. Pour savoir comment commander ses livres, il suffit de\u00a0cliquer sur le lien suivant ou de se rendre imm\u00e9diatement sur www.rentabook.be [&hellip;]\" \/>\n<meta property=\"og:url\" content=\"https:\/\/indbertrix.be\/wordp3\/rent-a-book-2\/\" \/>\n<meta property=\"og:site_name\" content=\"Institut Notre-Dame Bertrix\" \/>\n<meta property=\"article:modified_time\" content=\"2023-07-13T14:22:12+00:00\" \/>\n<meta name=\"twitter:card\" content=\"summary_large_image\" \/>\n<meta name=\"twitter:label1\" content=\"Dur\u00e9e de lecture estim\u00e9e\" \/>\n\t<meta name=\"twitter:data1\" content=\"2 minutes\" \/>\n<script type=\"application\/ld+json\" class=\"yoast-schema-graph\">{\"@context\":\"https:\\\/\\\/schema.org\",\"@graph\":[{\"@type\":\"WebPage\",\"@id\":\"https:\\\/\\\/indbertrix.be\\\/wordp3\\\/rent-a-book-2\\\/\",\"url\":\"https:\\\/\\\/indbertrix.be\\\/wordp3\\\/rent-a-book-2\\\/\",\"name\":\"Rent a book - Institut Notre-Dame Bertrix\",\"isPartOf\":{\"@id\":\"https:\\\/\\\/indbertrix.be\\\/wordp3\\\/#website\"},\"datePublished\":\"2023-07-13T14:10:04+00:00\",\"dateModified\":\"2023-07-13T14:22:12+00:00\",\"breadcrumb\":{\"@id\":\"https:\\\/\\\/indbertrix.be\\\/wordp3\\\/rent-a-book-2\\\/#breadcrumb\"},\"inLanguage\":\"fr-FR\",\"potentialAction\":[{\"@type\":\"ReadAction\",\"target\":[\"https:\\\/\\\/indbertrix.be\\\/wordp3\\\/rent-a-book-2\\\/\"]}]},{\"@type\":\"BreadcrumbList\",\"@id\":\"https:\\\/\\\/indbertrix.be\\\/wordp3\\\/rent-a-book-2\\\/#breadcrumb\",\"itemListElement\":[{\"@type\":\"ListItem\",\"position\":1,\"name\":\"Accueil\",\"item\":\"https:\\\/\\\/indbertrix.be\\\/wordp3\\\/\"},{\"@type\":\"ListItem\",\"position\":2,\"name\":\"Rent a book\"}]},{\"@type\":\"WebSite\",\"@id\":\"https:\\\/\\\/indbertrix.be\\\/wordp3\\\/#website\",\"url\":\"https:\\\/\\\/indbertrix.be\\\/wordp3\\\/\",\"name\":\"Institut Notre-Dame Bertrix\",\"description\":\"Ton futur s&#039;y construit\",\"potentialAction\":[{\"@type\":\"SearchAction\",\"target\":{\"@type\":\"EntryPoint\",\"urlTemplate\":\"https:\\\/\\\/indbertrix.be\\\/wordp3\\\/?s={search_term_string}\"},\"query-input\":{\"@type\":\"PropertyValueSpecification\",\"valueRequired\":true,\"valueName\":\"search_term_string\"}}],\"inLanguage\":\"fr-FR\"}]}<\/script>\n<!-- \/ Yoast SEO plugin. -->","yoast_head_json":{"title":"Rent a book - Institut Notre-Dame Bertrix","robots":{"index":"index","follow":"follow","max-snippet":"max-snippet:-1","max-image-preview":"max-image-preview:large","max-video-preview":"max-video-preview:-1"},"canonical":"https:\/\/indbertrix.be\/wordp3\/rent-a-book-2\/","og_locale":"fr_FR","og_type":"article","og_title":"Rent a book - Institut Notre-Dame Bertrix","og_description":"Commander les manuels scolairesOuverture des commandes le 1\/08 et fin le 10\/08 pour les livraisons via l'\u00e9cole. Il est toujours possible de commander des livres apr\u00e8s le 10\/08 mais uniquement avec une livraison via BPost. Pour savoir comment commander ses livres, il suffit de\u00a0cliquer sur le lien suivant ou de se rendre imm\u00e9diatement sur www.rentabook.be [&hellip;]","og_url":"https:\/\/indbertrix.be\/wordp3\/rent-a-book-2\/","og_site_name":"Institut Notre-Dame Bertrix","article_modified_time":"2023-07-13T14:22:12+00:00","twitter_card":"summary_large_image","twitter_misc":{"Dur\u00e9e de lecture estim\u00e9e":"2 minutes"},"schema":{"@context":"https:\/\/schema.org","@graph":[{"@type":"WebPage","@id":"https:\/\/indbertrix.be\/wordp3\/rent-a-book-2\/","url":"https:\/\/indbertrix.be\/wordp3\/rent-a-book-2\/","name":"Rent a book - Institut Notre-Dame Bertrix","isPartOf":{"@id":"https:\/\/indbertrix.be\/wordp3\/#website"},"datePublished":"2023-07-13T14:10:04+00:00","dateModified":"2023-07-13T14:22:12+00:00","breadcrumb":{"@id":"https:\/\/indbertrix.be\/wordp3\/rent-a-book-2\/#breadcrumb"},"inLanguage":"fr-FR","potentialAction":[{"@type":"ReadAction","target":["https:\/\/indbertrix.be\/wordp3\/rent-a-book-2\/"]}]},{"@type":"BreadcrumbList","@id":"https:\/\/indbertrix.be\/wordp3\/rent-a-book-2\/#breadcrumb","itemListElement":[{"@type":"ListItem","position":1,"name":"Accueil","item":"https:\/\/indbertrix.be\/wordp3\/"},{"@type":"ListItem","position":2,"name":"Rent a book"}]},{"@type":"WebSite","@id":"https:\/\/indbertrix.be\/wordp3\/#website","url":"https:\/\/indbertrix.be\/wordp3\/","name":"Institut Notre-Dame Bertrix","description":"Ton futur s&#039;y construit","potentialAction":[{"@type":"SearchAction","target":{"@type":"EntryPoint","urlTemplate":"https:\/\/indbertrix.be\/wordp3\/?s={search_term_string}"},"query-input":{"@type":"PropertyValueSpecification","valueRequired":true,"valueName":"search_term_string"}}],"inLanguage":"fr-FR"}]}},"_links":{"self":[{"href":"https:\/\/indbertrix.be\/wordp3\/wp-json\/wp\/v2\/pages\/2397","targetHints":{"allow":["GET"]}}],"collection":[{"href":"https:\/\/indbertrix.be\/wordp3\/wp-json\/wp\/v2\/pages"}],"about":[{"href":"https:\/\/indbertrix.be\/wordp3\/wp-json\/wp\/v2\/types\/page"}],"author":[{"embeddable":true,"href":"https:\/\/indbertrix.be\/wordp3\/wp-json\/wp\/v2\/users\/9"}],"replies":[{"embeddable":true,"href":"https:\/\/indbertrix.be\/wordp3\/wp-json\/wp\/v2\/comments?post=2397"}],"version-history":[{"count":5,"href":"https:\/\/indbertrix.be\/wordp3\/wp-json\/wp\/v2\/pages\/2397\/revisions"}],"predecessor-version":[{"id":2412,"href":"https:\/\/indbertrix.be\/wordp3\/wp-json\/wp\/v2\/pages\/2397\/revisions\/2412"}],"wp:attachment":[{"href":"https:\/\/indbertrix.be\/wordp3\/wp-json\/wp\/v2\/media?parent=2397"}],"curies":[{"name":"wp","href":"https:\/\/api.w.org\/{rel}","templated":true}]}}